{"id":711,"date":"2010-02-01T14:00:34","date_gmt":"2010-02-01T13:00:34","guid":{"rendered":"http:\/\/www.bergeret.org\/blog\/?page_id=711"},"modified":"2010-02-19T10:33:54","modified_gmt":"2010-02-19T09:33:54","slug":"modeles-legos","status":"publish","type":"page","link":"https:\/\/www.bergeret.org\/blog\/modeles-legos\/","title":{"rendered":"Mod\u00e8les Legos"},"content":{"rendered":"<p>Voici la liste des mod\u00e8les L\u00e9gos, avec leur fichier LXF pour <a title=\"Lego Digital Designer\" href=\"http:\/\/ldd.lego.com\" target=\"_blank\">Lego Digital Designer<\/a>, ou MPD pour <a title=\"LDraw\" href=\"http:\/\/www.ldraw.org\" target=\"_blank\">LDraw<\/a>, et les instructions de montage :<\/p>\n<ul>\n<li>Moto (<a title=\"Moto Lego NXT\" href=\"http:\/\/www.bergeret.org\/models\/moto4.png\" target=\"_blank\">image<\/a>, fichier <a title=\"Mod\u00e8le LDD\" href=\"http:\/\/www.bergeret.org\/models\/moto4.lxf\">LXF<\/a>, <a title=\"Instructions de montage\" href=\"http:\/\/www.bergeret.org\/models\/moto4.html\" target=\"_blank\">instructions <\/a>de montage)<\/li>\n<li>Lanceur de balles (<a title=\"Lanceur de balles\" href=\"http:\/\/www.bergeret.org\/models\/lanceur\/Images\/lanceur.mpd.png\" target=\"_blank\">image<\/a>, fichier <a title=\"Mod\u00e8le MPD du lanceur\" href=\"http:\/\/www.bergeret.org\/models\/lanceur\/lanceur2.mpd\">MPD<\/a>, <a title=\"Instructions de montage\" href=\"http:\/\/www.bergeret.org\/models\/lanceur\/HTML\/lanceur.mpd-00.html\" target=\"_blank\">instructions <\/a>de montage)<\/li>\n<\/ul>\n","protected":false},"excerpt":{"rendered":"<p>Voici la liste des mod\u00e8les L\u00e9gos, avec leur fichier LXF pour Lego Digital Designer, ou MPD pour LDraw, et les instructions de montage : Moto (image, fichier LXF, instructions de montage) Lanceur de balles (image, fichier MPD, instructions de montage)<\/p>\n","protected":false},"author":1,"featured_media":0,"parent":0,"menu_order":0,"comment_status":"open","ping_status":"open","template":"","meta":[],"_links":{"self":[{"href":"https:\/\/www.bergeret.org\/blog\/wp-json\/wp\/v2\/pages\/711"}],"collection":[{"href":"https:\/\/www.bergeret.org\/blog\/wp-json\/wp\/v2\/pages"}],"about":[{"href":"https:\/\/www.bergeret.org\/blog\/wp-json\/wp\/v2\/types\/page"}],"author":[{"embeddable":true,"href":"https:\/\/www.bergeret.org\/blog\/wp-json\/wp\/v2\/users\/1"}],"replies":[{"embeddable":true,"href":"https:\/\/www.bergeret.org\/blog\/wp-json\/wp\/v2\/comments?post=711"}],"version-history":[{"count":6,"href":"https:\/\/www.bergeret.org\/blog\/wp-json\/wp\/v2\/pages\/711\/revisions"}],"predecessor-version":[{"id":743,"href":"https:\/\/www.bergeret.org\/blog\/wp-json\/wp\/v2\/pages\/711\/revisions\/743"}],"wp:attachment":[{"href":"https:\/\/www.bergeret.org\/blog\/wp-json\/wp\/v2\/media?parent=711"}],"curies":[{"name":"wp","href":"https:\/\/api.w.org\/{rel}","templated":true}]}}