{"id":20,"date":"2006-01-24T04:04:57","date_gmt":"2006-01-24T03:04:57","guid":{"rendered":"http:\/\/www.bergeret.org\/blog\/?page_id=20"},"modified":"2006-01-24T04:18:09","modified_gmt":"2006-01-24T03:18:09","slug":"nahua-technologies","status":"publish","type":"page","link":"https:\/\/www.bergeret.org\/blog\/cv\/nahua-technologies\/","title":{"rendered":"Nahua Technologies"},"content":{"rendered":"<div id=\"desc-description\">\n<div id=\"desc-date\">\nD\u00e9cembre 1994 &#8211; Mai 1997 :\n<\/div>\n<div id=\"desc-societe\">\nNahua Technologies\n<\/div>\n<div id=\"rubrique\">Pr\u00e9sentation<\/div>\n<div id=\"desc-presentation\">\n<p>Nahua Technologies \u00e9tait une filiale du groupe <a href=\"http:\/\/www.astek.fr\" target=\"externe\">Astek<\/a> d\u00e9di\u00e9e \u00e0 la distribution de la base de donn\u00e9es objet <a href=\"http:\/\/www.versant.com\" target=\"externe\">Versant<\/a> en France et en Europe francophone.<br \/>\nCette accord de distribution a d\u00e9marr\u00e9 en janvier 1995 pour se terminer en janvier 1997, date \u00e0 laquelle Versant a cr\u00e9\u00e9 une filiale en France pour y distribuer son produit.<\/p>\n<\/div>\n<div id=\"rubrique\">Parcours<\/div>\n<div id=\"desc-parcourt\">\n<div id=\"desc-menu-parcourt\">\n<a href=\"#general\">G\u00e9n\u00e9ralit\u00e9s<\/a> | <a href=\"#medasys\">Medasys<\/a> | <a href=\"#conclusion\">Conclusion<\/a>\n<\/div>\n<p><a name=\"general\"><\/a>J&rsquo;ai int\u00e9gr\u00e9 Nahua (ou plut\u00f4t Robinsons Participations, holding de Nahua, puisque Nahua n&rsquo;existait pas encore) en d\u00e9cembre 1994. Versant n&rsquo;\u00e9tait alors plus distribu\u00e9 en France depuis quelques mois. J&rsquo;ai donc commenc\u00e9<br \/>\npar suivre une formation \u00e0 Versant, donn\u00e9e par un consultant venu des Etats-Unis. Puis, je me suis auto-form\u00e9 \u00e0 C++. Parall\u00e8lement, j&rsquo;ai particip\u00e9 \u00e0 la traduction en Fran\u00e7ais des diff\u00e9rentes documentations, ce qui m&rsquo;a parmis de bien faire connaissance avec le produit.<\/p>\n<p>Avec les premiers contrats, il a \u00e9t\u00e9 n\u00e9cessaire de mettre en place une structure de formation, de support de premier niveau, et de conseil. J&rsquo;ai donc particip\u00e9 \u00e0 la mise en place de cette structure. Au cours des deux ans et demi pass\u00e9s chez Nahua, j&rsquo;ai donc eu l&rsquo;occasion de donner une dizaine de formation \u00e0 l&rsquo;interface C++ de Versant et aux fonctions avanc\u00e9es de Versant.<\/p>\n<p>En m\u00eame temps, j&rsquo;ai \u00e9t\u00e9 nomm\u00e9 technico-commercial, afin de mettre en place des bin\u00f4mes commercial\/technico-commercial pour les pr\u00e9sentations avant-vente chez les prospects.<\/p>\n<p>En parall\u00e8le, pendant l&rsquo;\u00e9t\u00e9 1995, j&rsquo;ai mis en place le serveur Web de Nahua (serveur statique) en me formant \u00e0 HTML. Je me suis \u00e9galement autoform\u00e9 \u00e0 un langage qui venait d&rsquo;appara\u00eetre : Java.<\/p>\n<p><a name=\"medasys\"><\/a>En d\u00e9cembre 1996, Versant pr\u00e9f\u00e8re passer par une filiale plut\u00f4t que par un distributeur ; la soci\u00e9t\u00e9 doit alors changer d&rsquo;activit\u00e9, et rejoint l&rsquo;activit\u00e9 de la maison-m\u00e8re : le service. En f\u00e9vrier 1997, je d\u00e9marre une mission  chez <a href=\"http:\/\/www.medasys.com\" target=\"externe\">Medasys Digital Systems<\/a>, PME de vente de mat\u00e9riel m\u00e9dical et de mat\u00e9riel informatique HP. Le but de ma mission \u00e9tait de relier le r\u00e9seau interne de Medasys \u00e0 Internet de mani\u00e8re permanente, et de mettre en place le serveur Web de Medasys, ainsi que son contenu. En fin de mission, Medasys \u00e9tait reli\u00e9 \u00e0 Internet par une liaison sp\u00e9cialis\u00e9e \u00e0 256kbps, de mani\u00e8re s\u00e9curis\u00e9e (un poste Linux assurait la fonction de pare-feu et de proxy), et le serveur Web pr\u00e9sentait les activit\u00e9s de Medasys sur le net (la version actuellement visible n&rsquo;est plus la version que j&rsquo;ai cr\u00e9\u00e9e).<\/p>\n<p><a name=\"conclusion\"><\/a>En conclusion, j&rsquo;ai beaucoup appris au cours de ces deux ans et demi pass\u00e9s chez Nahua. D&rsquo;un point de vue technique, j&rsquo;ai appris l&rsquo;approche objet, OMT (anc\u00eatre de UML), le C++, Java, HTML, l&rsquo;administration syst\u00e8me sous Unix (pour l&rsquo;installation et le param\u00e9trage de Versant), l&rsquo;utilisation de Linux &#8230; J&rsquo;ai \u00e9galement donn\u00e9 des formations et r\u00e9alis\u00e9 des pr\u00e9sentations avant-vente, ce qui m&rsquo;a permis de prendre go\u00fbt \u00e0 la transmission de la connaissance.<\/p>\n<\/div>\n<\/div>\n<p><!--desc-description--><\/p>\n","protected":false},"excerpt":{"rendered":"<p>D\u00e9cembre 1994 &#8211; Mai 1997 : Nahua Technologies Pr\u00e9sentation Nahua Technologies \u00e9tait une filiale du groupe Astek d\u00e9di\u00e9e \u00e0 la distribution de la base de donn\u00e9es objet Versant en France et en Europe francophone. Cette accord de distribution a d\u00e9marr\u00e9 en janvier 1995 pour se terminer en janvier 1997, date \u00e0 laquelle Versant a cr\u00e9\u00e9 [&hellip;]<\/p>\n","protected":false},"author":1,"featured_media":0,"parent":11,"menu_order":0,"comment_status":"closed","ping_status":"closed","template":"","meta":[],"_links":{"self":[{"href":"https:\/\/www.bergeret.org\/blog\/wp-json\/wp\/v2\/pages\/20"}],"collection":[{"href":"https:\/\/www.bergeret.org\/blog\/wp-json\/wp\/v2\/pages"}],"about":[{"href":"https:\/\/www.bergeret.org\/blog\/wp-json\/wp\/v2\/types\/page"}],"author":[{"embeddable":true,"href":"https:\/\/www.bergeret.org\/blog\/wp-json\/wp\/v2\/users\/1"}],"replies":[{"embeddable":true,"href":"https:\/\/www.bergeret.org\/blog\/wp-json\/wp\/v2\/comments?post=20"}],"version-history":[{"count":0,"href":"https:\/\/www.bergeret.org\/blog\/wp-json\/wp\/v2\/pages\/20\/revisions"}],"up":[{"embeddable":true,"href":"https:\/\/www.bergeret.org\/blog\/wp-json\/wp\/v2\/pages\/11"}],"wp:attachment":[{"href":"https:\/\/www.bergeret.org\/blog\/wp-json\/wp\/v2\/media?parent=20"}],"curies":[{"name":"wp","href":"https:\/\/api.w.org\/{rel}","templated":true}]}}