{"id":2,"date":"2006-01-15T18:17:11","date_gmt":"2006-01-15T17:17:11","guid":{"rendered":""},"modified":"2006-01-16T14:30:25","modified_gmt":"2006-01-16T13:30:25","slug":"a-propos","status":"publish","type":"page","link":"https:\/\/www.bergeret.org\/blog\/a-propos\/","title":{"rendered":"A propos"},"content":{"rendered":"<p>Salut \u00e0 toi, \u00f4 lecteur.<\/p>\n<p>Tu es ici sur le Blog de Fabien. C&rsquo;est un blog comme tant d&rsquo;autres, avec tout plein d&rsquo;avis compl\u00e9tement personnels.<\/p>\n<p>Comme j&rsquo;ai des centres d&rsquo;int\u00e9r\u00eat tr\u00e8s vari\u00e9s, ce blog propose des cat\u00e9gories tr\u00e8s vari\u00e9es. Quoi dire de plus ?<br \/>\nRien, sinon \u00ab\u00a0lisez !\u00a0\u00bb<\/p>\n","protected":false},"excerpt":{"rendered":"<p>Salut \u00e0 toi, \u00f4 lecteur. Tu es ici sur le Blog de Fabien. C&rsquo;est un blog comme tant d&rsquo;autres, avec tout plein d&rsquo;avis compl\u00e9tement personnels. Comme j&rsquo;ai des centres d&rsquo;int\u00e9r\u00eat tr\u00e8s vari\u00e9s, ce blog propose des cat\u00e9gories tr\u00e8s vari\u00e9es. Quoi dire de plus ? Rien, sinon \u00ab\u00a0lisez !\u00a0\u00bb<\/p>\n","protected":false},"author":1,"featured_media":0,"parent":0,"menu_order":0,"comment_status":"open","ping_status":"open","template":"","meta":[],"_links":{"self":[{"href":"https:\/\/www.bergeret.org\/blog\/wp-json\/wp\/v2\/pages\/2"}],"collection":[{"href":"https:\/\/www.bergeret.org\/blog\/wp-json\/wp\/v2\/pages"}],"about":[{"href":"https:\/\/www.bergeret.org\/blog\/wp-json\/wp\/v2\/types\/page"}],"author":[{"embeddable":true,"href":"https:\/\/www.bergeret.org\/blog\/wp-json\/wp\/v2\/users\/1"}],"replies":[{"embeddable":true,"href":"https:\/\/www.bergeret.org\/blog\/wp-json\/wp\/v2\/comments?post=2"}],"version-history":[{"count":0,"href":"https:\/\/www.bergeret.org\/blog\/wp-json\/wp\/v2\/pages\/2\/revisions"}],"wp:attachment":[{"href":"https:\/\/www.bergeret.org\/blog\/wp-json\/wp\/v2\/media?parent=2"}],"curies":[{"name":"wp","href":"https:\/\/api.w.org\/{rel}","templated":true}]}}