{"id":12,"date":"2006-01-18T14:50:37","date_gmt":"2006-01-18T13:50:37","guid":{"rendered":"http:\/\/www.bergeret.org\/blog\/?page_id=12"},"modified":"2006-01-24T04:15:28","modified_gmt":"2006-01-24T03:15:28","slug":"mx","status":"publish","type":"page","link":"https:\/\/www.bergeret.org\/blog\/cv\/mx\/","title":{"rendered":"M+X"},"content":{"rendered":"<div id=\"desc-description\">\n<div id=\"desc-date\">\nDepuis juillet 2002 :&nbsp;\n<\/div>\n<div id=\"desc-societe\">\nM+X\n<\/div>\n<div id=\"rubrique\">Pr\u00e9sentation<\/div>\n<div id=\"desc-presentation\">\nM+X est une filiale des <a href=\"http:\/\/www.banquepopulaire.fr\" target=\"externe\">Banques Populaires<\/a>. Son r\u00f4le officiel est de participer \u00e0 l&rsquo;essor de la mon\u00e9tique dans le groupe.<br \/>\nElle est divis\u00e9e en trois p\u00f4les : <\/p>\n<ul>\n<li>La ma\u00eetrise d&rsquo;oeuvre,<\/li>\n<li>La ma\u00eetrise d&rsquo;ouvrage,<\/li>\n<li>La validation et le support.<\/li>\n<\/ul>\n<p>Ces structures sont r\u00e9parties entre Lyon pour le front-office et Toulouse pour le middle-office.\n<\/p><\/div>\n<div id=\"rubrique\">Parcours<\/div>\n<div id=\"desc-parcourt\">\n<p>J&rsquo;ai int\u00e9gr\u00e9 M+X en tant que prestaire en juillet 2002 ; j&rsquo;\u00e9tais alors employ\u00e9 par Alta\u00efr Toulouse, soci\u00e9t\u00e9 de service interne au groupe Banques Populaires.<\/p>\n<p>Ma premi\u00e8re mission a \u00e9t\u00e9 l&rsquo;industrialisation d&rsquo;un produit d\u00e9j\u00e0 d\u00e9velopp\u00e9 : le PAD (packet assembler disassembler). Ce PAD est une machine (PC sous NT 4.0) \u00e0 laquelle peuvent se connecter 60 terminaux de paiement CB pour des autorisations ou des t\u00e9l\u00e9collectes. Les trames X25 que ces terminaux envoient au dessus du protocole CBCom sont assembl\u00e9es et transmises au back-office.<\/p>\n<p>Mon r\u00f4le a \u00e9t\u00e9 de r\u00e9\u00e9crire ce Pad en Java, avec une conception objet de bout en bout. Ce projet m&rsquo;a pris quatre mois. Aujourd&rsquo;hui, 80% des autorisations et des t\u00e9l\u00e9collectes du groupe Banque Populaire passent par ce Pad. La conception s&rsquo;est faite en UML avec Rational Rose, et j&rsquo;ai utilis\u00e9 <a href=\"http:\/\/www.borland.fr\/jbuilder\" target=\"externe\">JBuilder<\/a> pour les d\u00e9veloppements.<\/p>\n<p>J&rsquo;ai ensuite int\u00e9gr\u00e9 le projet MODA (Middle Office DAB), dont le but est de permettre de suivre l&rsquo;activit\u00e9 des distributeurs de billets au sein du groupe Banques Populaires. J&rsquo;ai pris la responsabilit\u00e9 du module de surveillance temps r\u00e9el de ce projet (3 d\u00e9veloppeurs pendant 4 mois). Les distributeurs de billets envoient des messages sur un bus de donn\u00e9es <a href=\"http:\/\/www.tibco.com\" target=\"externe\">Tibco<\/a>, et MODA les re\u00e7oit, les consolide aux travers de r\u00e8gles m\u00e9tiers, et pr\u00e9sente les r\u00e9sultats au travers d&rsquo;un navigateur par le biais d&rsquo;une applet. La conception s&rsquo;est faire sous UML \u00e0 l&rsquo;aide de <a href=\"http:\/\/www-306.ibm.com\/software\/rational\" target=\"externe\">Rational XDE<\/a>. L&rsquo;outil de d\u00e9veloppement utilis\u00e9 pour ce projet a \u00e9t\u00e9 Websphere, en utilisant \u00e9galement la biblioth\u00e8que <a href=\"http:\/\/jakarta.apache.org\/struts\" target=\"externe\">Struts<\/a> pour l&rsquo;int\u00e9gration des JSP et des servlets. Ce module de surveillance temps r\u00e9el est actuellement en production et remplace avantageusement l&rsquo;ancienne application qui tournait sur site central.<\/p>\n<p>C&rsquo;est alors que j&rsquo;ai rejoint le projet Moc@ (Middle Office Commer\u00e7ant) dont l&rsquo;objectif \u00e9tait de porter une application client\/serveur <a href=\"http:\/\/www.pcsoft.fr\" target=\"externe\">WinDev<\/a> sur une architecture Java\/JSP\/Struts\/EJB. Cette \u00e9quipe \u00e9tait compos\u00e9e de 8 personnes. Cette application sera en prodution courant juin 2004.<\/p>\n<p>Parall\u00e8lement, j&rsquo;ai pris la responabilit\u00e9 du comit\u00e9 convergence de M+X, dont le r\u00f4le transversal est de favoriser la mise en commun des d\u00e9veloppements, en terme de m\u00e9thodologie, d&rsquo;outils, de documentation et de code.<\/p>\n<\/div>\n<\/div>\n<p><!--desc-description--><\/p>\n","protected":false},"excerpt":{"rendered":"<p>Depuis juillet 2002 :&nbsp; M+X Pr\u00e9sentation M+X est une filiale des Banques Populaires. Son r\u00f4le officiel est de participer \u00e0 l&rsquo;essor de la mon\u00e9tique dans le groupe. Elle est divis\u00e9e en trois p\u00f4les : La ma\u00eetrise d&rsquo;oeuvre, La ma\u00eetrise d&rsquo;ouvrage, La validation et le support. Ces structures sont r\u00e9parties entre Lyon pour le front-office et [&hellip;]<\/p>\n","protected":false},"author":1,"featured_media":0,"parent":11,"menu_order":1,"comment_status":"closed","ping_status":"closed","template":"","meta":[],"_links":{"self":[{"href":"https:\/\/www.bergeret.org\/blog\/wp-json\/wp\/v2\/pages\/12"}],"collection":[{"href":"https:\/\/www.bergeret.org\/blog\/wp-json\/wp\/v2\/pages"}],"about":[{"href":"https:\/\/www.bergeret.org\/blog\/wp-json\/wp\/v2\/types\/page"}],"author":[{"embeddable":true,"href":"https:\/\/www.bergeret.org\/blog\/wp-json\/wp\/v2\/users\/1"}],"replies":[{"embeddable":true,"href":"https:\/\/www.bergeret.org\/blog\/wp-json\/wp\/v2\/comments?post=12"}],"version-history":[{"count":0,"href":"https:\/\/www.bergeret.org\/blog\/wp-json\/wp\/v2\/pages\/12\/revisions"}],"up":[{"embeddable":true,"href":"https:\/\/www.bergeret.org\/blog\/wp-json\/wp\/v2\/pages\/11"}],"wp:attachment":[{"href":"https:\/\/www.bergeret.org\/blog\/wp-json\/wp\/v2\/media?parent=12"}],"curies":[{"name":"wp","href":"https:\/\/api.w.org\/{rel}","templated":true}]}}