{"id":1121,"date":"2015-09-16T11:25:24","date_gmt":"2015-09-16T10:25:24","guid":{"rendered":"http:\/\/www.bergeret.org\/blog\/?page_id=1121"},"modified":"2025-02-20T17:40:04","modified_gmt":"2025-02-20T16:40:04","slug":"voila-cest-fini","status":"publish","type":"page","link":"https:\/\/www.bergeret.org\/blog\/voila-cest-fini\/","title":{"rendered":"Voil\u00e0, c&rsquo;est fini !"},"content":{"rendered":"<p>Devant mon manque de productivit\u00e9 (aucun article en 2015, 2 articles en 2014), il faut l&rsquo;admettre, ce site v\u00e9g\u00e8te.<\/p>\n<p>Mon actualit\u00e9 personnelle (Rachel, je t&rsquo;aime) est tellement riche que je n&rsquo;ai plus le temps de m&rsquo;occuper de mon blog.<\/p>\n<p>Mais je le laisse en ligne, et peut-\u00eatre, de temps en temps, je rajouterai quelques petites choses&#8230;<\/p>\n<p>Merci, lecteur !<\/p>\n<p><a href=\"https:\/\/www.bergeret.org\/pit\/index.php\" data-wplink-edit=\"true\" style=\"display:none;\">Link<\/a><\/p>\n","protected":false},"excerpt":{"rendered":"<p>Devant mon manque de productivit\u00e9 (aucun article en 2015, 2 articles en 2014), il faut l&rsquo;admettre, ce site v\u00e9g\u00e8te. Mon actualit\u00e9 personnelle (Rachel, je t&rsquo;aime) est tellement riche que je n&rsquo;ai plus le temps de m&rsquo;occuper de mon blog. Mais je le laisse en ligne, et peut-\u00eatre, de temps en temps, je rajouterai quelques petites [&hellip;]<\/p>\n","protected":false},"author":1,"featured_media":0,"parent":0,"menu_order":0,"comment_status":"closed","ping_status":"closed","template":"","meta":[],"_links":{"self":[{"href":"https:\/\/www.bergeret.org\/blog\/wp-json\/wp\/v2\/pages\/1121"}],"collection":[{"href":"https:\/\/www.bergeret.org\/blog\/wp-json\/wp\/v2\/pages"}],"about":[{"href":"https:\/\/www.bergeret.org\/blog\/wp-json\/wp\/v2\/types\/page"}],"author":[{"embeddable":true,"href":"https:\/\/www.bergeret.org\/blog\/wp-json\/wp\/v2\/users\/1"}],"replies":[{"embeddable":true,"href":"https:\/\/www.bergeret.org\/blog\/wp-json\/wp\/v2\/comments?post=1121"}],"version-history":[{"count":5,"href":"https:\/\/www.bergeret.org\/blog\/wp-json\/wp\/v2\/pages\/1121\/revisions"}],"predecessor-version":[{"id":1259,"href":"https:\/\/www.bergeret.org\/blog\/wp-json\/wp\/v2\/pages\/1121\/revisions\/1259"}],"wp:attachment":[{"href":"https:\/\/www.bergeret.org\/blog\/wp-json\/wp\/v2\/media?parent=1121"}],"curies":[{"name":"wp","href":"https:\/\/api.w.org\/{rel}","templated":true}]}}