{"id":11,"date":"2006-01-18T10:22:01","date_gmt":"2006-01-18T09:22:01","guid":{"rendered":"http:\/\/www.bergeret.org\/blog\/?page_id=11"},"modified":"2018-05-04T21:48:12","modified_gmt":"2018-05-04T20:48:12","slug":"cv","status":"publish","type":"page","link":"https:\/\/www.bergeret.org\/blog\/cv\/","title":{"rendered":"CV"},"content":{"rendered":"<p><a name=\"top\"><\/a><\/p>\n<p><a name=\"top\"><\/a><a name=\"top\"><\/a><a name=\"top\"><\/a><\/p>\n<p><a name=\"top\"><\/a><a name=\"top\"><\/a><\/p>\n<p><a name=\"top\"><\/a><\/p>\n<div id=\"cv\">\n<p><a name=\"top\"><\/a><\/p>\n<div id=\"menu\"><a class=\"lienMenu\" href=\"#objectifs\">Objectifs<\/a> |<br \/>\n<a class=\"lienMenu\" href=\"#experience\">Exp\u00e9rience<\/a> |<br \/>\n<a class=\"lienMenu\" href=\"#formation\">Formation<\/a> |<br \/>\n<a class=\"lienMenu\" href=\"#langues\">Langues<\/a> |<br \/>\n<a class=\"lienMenu\" href=\"#hobbies\">Centres d&rsquo;int\u00e9r\u00eat<\/a><\/div>\n<div id=\"adresse\">\n<p>Fabien BERGERET<\/p>\n<p><img decoding=\"async\" loading=\"lazy\" class=\"alignnone size-medium wp-image-1071\" title=\"adresse\" src=\"https:\/\/www.bergeret.org\/blog\/wp-content\/mailPhone.jpg\" alt=\"\" width=\"114\" height=\"24\" \/><\/p>\n<\/div>\n<div id=\"adresse\">\n<p>47 ans<\/p>\n<p>Nationalit\u00e9 fran\u00e7aise<\/p>\n<\/div>\n<p>&nbsp;<\/p>\n<div id=\"accroche\">Ing\u00e9nieur Sup\u00e9lec<br \/>\nArchitecte S\u00e9nior<\/div>\n<p>&nbsp;<\/p>\n<div id=\"objectifs\">\n<div id=\"rubrique\"><a name=\"objectifs\"><\/a><br \/>\nObjectifs<\/div>\n<p><a name=\"objectifs\"><\/a><a name=\"objectifs\"><\/a><a name=\"objectifs\"><\/a><\/p>\n<p><a name=\"objectifs\"><\/a><a name=\"objectifs\"><\/a><\/p>\n<p><a name=\"objectifs\"><\/a><\/p>\n<div id=\"lienTop\"><a href=\"#top\"><img decoding=\"async\" src=\"https:\/\/www.bergeret.org\/blog\/top.gif\" alt=\"\" border=\"0\" \/> Sommet<\/a><\/div>\n<div id=\"liste\">\n<ul>\n<li>Encadrer une \u00e9quipe sur le cycle de vie complet d&rsquo;un projet,<\/li>\n<li>Lui faire b\u00e9n\u00e9ficier de mes connaissances techniques par le biais de formations\/pr\u00e9sentations,<\/li>\n<li>Mettre en place des architectures logicielles et techniques performantes et coh\u00e9rentes avec les besoins du client,<\/li>\n<li>\u00catre en veille permanente sur la pointe des hautes technologies.<\/li>\n<\/ul>\n<\/div>\n<p>&nbsp;<\/p>\n<\/div>\n<p>&nbsp;<\/p>\n<div id=\"experiences\">\n<div id=\"rubrique\"><a name=\"experience\"><\/a>Exp\u00e9rience professionnelle<\/div>\n<div id=\"experience\">\n<div id=\"date\">Depuis 2013 :<\/div>\n<div id=\"entreprise\">Infosys<\/div>\n<div id=\"titre\">Architecte S\u00e9nior<\/div>\n<div id=\"liste\">\n<ul>\n<li>R\u00e9ponse \u00e0 appel d&rsquo;offres pour la partie architecture<\/li>\n<li>Pilotage des \u00e9quipes projets off-shore et on-shore<\/li>\n<li>Support technique et fonctionnel<\/li>\n<li>Prototypage<\/li>\n<li>Veille technologique<\/li>\n<\/ul>\n<\/div>\n<p><a name=\"experience\"><\/a><\/p>\n<div id=\"lienTop\"><a href=\"#top\"><img decoding=\"async\" src=\"https:\/\/www.bergeret.org\/blog\/top.gif\" alt=\"\" border=\"0\" \/> Sommet<\/a><\/div>\n<\/div>\n<div id=\"experience\">\n<div id=\"date\">2006-2013 :<\/div>\n<div id=\"entreprise\"><a href=\"http:\/\/www.fr.capgemini.com\/\" target=\"_blank\">Cap Gemini<\/a><\/div>\n<div id=\"titre\">Architecte J2EE<\/div>\n<div id=\"liste\">\n<ul>\n<li>Architecte et responsable technique d&rsquo;un projet de gestion de configuration dans le domaine avionique (9 mois, J2EE, ExtJS, \u00e9quipe de 5 personnes, partiellement off-shore)<\/li>\n<li>Architecte et responsable technique d&rsquo;un projet de gestion de configuration dans le domaine avionique (8 mois, technologies DSL avec g\u00e9n\u00e9ration de code, GXT)<\/li>\n<li>Architecte et responsable technique d&rsquo;un projet de gestion de configuration dans le domaine avionique (1 an, \u00e9quipe de 12 personnes, partiellement off-shore)<\/li>\n<li>D\u00e9finition et mise en place d&rsquo;une politique de s\u00e9curit\u00e9 pour les clients lourds Java<\/li>\n<li>Portage d&rsquo;une application intranet J2EE de SIG de Websphere\/CICS vers JBoss\/Oracle<\/li>\n<li>Responsable technique du projet OCTED (Outil de Communication, de Transformation et d&rsquo;Echange de Donn\u00e9es) (budget : 1,3M?) : JMS, JMX, ETL (PowerCenter d&rsquo;Informatica)<\/li>\n<li>R\u00e9alisation d&rsquo;une \u00e9tude sur la s\u00e9curit\u00e9 des clients lourds Java (Java WebStart, Siteminder)<\/li>\n<li>R\u00e9alisation d&rsquo;une maquette fonctionnelle de Wiki de gestion de la connaissance (<a title=\"Confluence\" href=\"http:\/\/www.atlassian.com\/software\/confluence\/\" target=\"_blank\">Confluence<\/a>, J2EE, Velocity, <a title=\"TinyMCE\" href=\"http:\/\/tinymce.moxiecode.com\/\" target=\"_blank\">TinyMCE<\/a>)<\/li>\n<\/ul>\n<\/div>\n<p>&nbsp;<\/p>\n<\/div>\n<p>&nbsp;<\/p>\n<div id=\"experience\">\n<div id=\"date\">2002-2006 :<\/div>\n<div id=\"entreprise\"><a href=\"https:\/\/www.bergeret.org\/blog\/?page_id=12\">M+X<\/a> (filiale Banques Populaires)<\/div>\n<div id=\"titre\">Chef de projet<\/div>\n<div id=\"liste\">\n<ul>\n<li>Projet SmartPad : application assurant la transmission des informations de <span class=\"motCle\">paiement<\/span> entre les terminaux Carte-Bleue des commer\u00e7ants et l?infrastructure bancaire (<span class=\"motCle\">application critique<\/span>, protocoles bancaires, UML, Java),<\/li>\n<li>Projets MODA et MOCA : outils <span class=\"motCle\">intranet<\/span> de suivi des distributeurs de billets et des transactions Carte-Bleue des commer\u00e7ants (UML, interfa\u00e7age avec le bus de donn\u00e9es Tibco,<span class=\"motCle\">tr\u00e8s gros volumes<\/span> en base de donn\u00e9es, JSP, Servlet, Struts, Websphere, DHTML),<\/li>\n<li>Responsable de la <span class=\"motCle\">convergence technique<\/span> des projets de M+X (architecture, outils, qualit\u00e9).<\/li>\n<\/ul>\n<\/div>\n<p>&nbsp;<\/p>\n<\/div>\n<p>&nbsp;<\/p>\n<div id=\"experience\">\n<div id=\"date\">2000-2002 :<\/div>\n<div id=\"entreprise\"><a href=\"https:\/\/www.bergeret.org\/blog\/?page_id=18\">CMG France<\/a><\/div>\n<div id=\"titre\">Expert Java<\/div>\n<div id=\"liste\">\n<ul>\n<li><span class=\"motCle\">Consulting<\/span> sur l&rsquo;utilisation des technologies Java,<\/li>\n<li>Mise en place et r\u00e9alisation de <span class=\"motCle\">formations<\/span> \u00e0 Java,<\/li>\n<li>Obtention de la <span class=\"motCle\">certification<\/span> Sun \u00ab d\u00e9veloppeur Java \u00bb.<\/li>\n<\/ul>\n<\/div>\n<p>&nbsp;<\/p>\n<div id=\"titre\">Chef de projet en mission chez Alta\u00efr (filiale des Banques Populaires)<\/div>\n<div id=\"liste\">\n<ul>\n<li><span class=\"motCle\">Encadrement<\/span> de d\u00e9veloppeurs juniors dans le contexte de d\u00e9veloppement d?applications <span class=\"motCle\">Internet\/Intranet<\/span> transactionnelles (interactions avec site central et bases de donn\u00e9es, en technologies JSP\/Servlet sous Websphere),<\/li>\n<li>Mise en place et r\u00e9alisation de <span class=\"motCle\">formations<\/span> internes (Java, HTML, Servlet, JSP, JavaScript).<\/li>\n<\/ul>\n<\/div>\n<p>&nbsp;<\/p>\n<\/div>\n<p>&nbsp;<\/p>\n<div id=\"experience\">\n<div id=\"date\">1997-2000 :<\/div>\n<div id=\"entreprise\"><a href=\"https:\/\/www.bergeret.org\/blog\/?page_id=19\">PSA Peugeot Citro\u00ebn<\/a><\/div>\n<div id=\"titre\">Architecte de Syst\u00e8mes temps-r\u00e9el<\/div>\n<div id=\"liste\">\n<ul>\n<li>Participation \u00e0 des projets inter-entreprises : projet <span class=\"motCle\">international<\/span> AMIC (Automotive Multimedia Interface Collaboration), projet <span class=\"motCle\">europ\u00e9en<\/span> AJACS (Applying Java to Automotive Control Systems), projet AEE (Architecture \u00c9lectronique Embarqu\u00e9e),<\/li>\n<li><span class=\"motCle\">\u00c9valuation<\/span> de la technologie Java pour le monde automobile, avec la r\u00e9alisation d?un <span class=\"motCle\">d\u00e9monstrateur t\u00e9l\u00e9matique<\/span> Java embarqu\u00e9 (chef de projet, conf\u00e9rencier \u00e0 <span class=\"motCle\">JavaOne&rsquo;99<\/span>),<\/li>\n<li>\u00c9valuation de la technologie <span class=\"motCle\">OSEK\/OS<\/span> et <span class=\"motCle\">OSEK\/COM<\/span> (standard de syst\u00e8me d?exploitation et de couche de communication sp\u00e9cifique \u00e0 l?automobile).<\/li>\n<\/ul>\n<\/div>\n<p>&nbsp;<\/p>\n<\/div>\n<p>&nbsp;<\/p>\n<div id=\"experience\">\n<div id=\"date\">1994-1997 :<\/div>\n<div id=\"entreprise\"><a href=\"https:\/\/www.bergeret.org\/blog\/?page_id=20')\">Nahua Technologies<\/a><\/div>\n<div id=\"titre\">Ing\u00e9nieur Technico-commercial<\/div>\n<div id=\"liste\">\n<ul>\n<li>R\u00e9alisation de <span class=\"motCle\">pr\u00e9sentations techniques<\/span> et \u00e9laboration de solutions techniques autour de la base de donn\u00e9es objet Versant,<\/li>\n<li><span class=\"motCle\">Consulting<\/span>, formations et support sur Versant,<\/li>\n<li>Mise en place d?une <span class=\"motCle\">architecture r\u00e9seau Internet<\/span> et d\u00e9veloppement d?un site Web.<\/li>\n<\/ul>\n<\/div>\n<\/div>\n<p>&nbsp;<\/p>\n<\/div>\n<p>&nbsp;<\/p>\n<div id=\"formations\">\n<div id=\"rubrique\"><a name=\"formation\"><\/a>Formation<\/div>\n<p><a name=\"formation\"><\/a><\/p>\n<div id=\"lienTop\"><a href=\"#top\"><img decoding=\"async\" src=\"https:\/\/www.bergeret.org\/blog\/top.gif\" alt=\"\" border=\"0\" \/> Sommet<\/a><\/div>\n<div id=\"formation\">\n<div id=\"date\">1990-1993<\/div>\n<div id=\"organisme\"><a href=\"http:\/\/www.supelec.fr\" target=\"externe\">Sup\u00e9lec<\/a><\/div>\n<div id=\"detailFormation\">Sp\u00e9cialisation en Intelligence artificielle<br \/>\nDipl\u00f4me d&rsquo;ing\u00e9nieur obtenu en juin 1993<\/div>\n<\/div>\n<p>&nbsp;<\/p>\n<div id=\"formation\">\n<div id=\"date\">1988-1990<\/div>\n<div id=\"organisme\">Classes pr\u00e9paratoires<\/div>\n<div id=\"detailFormation\">Math Sup et Math Sp\u00e9 P&rsquo; au <a href=\"http:\/\/membres.lycos.fr\/fictionn\" target=\"externe\">Lyc\u00e9e Carnot<\/a><br \/>\n(Dijon)<\/div>\n<\/div>\n<p>&nbsp;<\/p>\n<div id=\"formation\">\n<div id=\"date\">1988<\/div>\n<div id=\"organisme\">Bac C, mention Bien<\/div>\n<\/div>\n<p>&nbsp;<\/p>\n<\/div>\n<p>&nbsp;<\/p>\n<div id=\"langues\">\n<div id=\"rubrique\"><a name=\"langues\"><\/a>Langues<\/div>\n<p><a name=\"langues\"><\/a><a name=\"langues\"><\/a><a name=\"langues\"><\/a><\/p>\n<p><a name=\"langues\"><\/a><a name=\"langues\"><\/a><\/p>\n<p><a name=\"langues\"><\/a><\/p>\n<div id=\"lienTop\"><a href=\"#top\"><img decoding=\"async\" src=\"https:\/\/www.bergeret.org\/blog\/top.gif\" alt=\"\" border=\"0\" \/> Sommet<\/a><\/div>\n<div id=\"langue\">\n<div id=\"nomLangue\">Anglais :<\/div>\n<div id=\"niveauLangue\">lu,\u00e9crit, parl\u00e9 couramment<\/div>\n<\/div>\n<p>&nbsp;<\/p>\n<div id=\"langue\">\n<div id=\"nomLangue\">Allemand :<\/div>\n<div id=\"niveauLangue\">niveau moyen<\/div>\n<\/div>\n<p>&nbsp;<\/p>\n<div id=\"langue\">\n<div id=\"nomLangue\">Japonais :<\/div>\n<div id=\"niveauLangue\">notions<\/div>\n<\/div>\n<p>&nbsp;<\/p>\n<\/div>\n<p>&nbsp;<\/p>\n<div id=\"centresInteret\">\n<div id=\"rubrique\"><a name=\"hobbies\"><\/a>Centres d&rsquo;int\u00e9r\u00eat<\/div>\n<p><a name=\"hobbies\"><\/a><a name=\"hobbies\"><\/a><a name=\"hobbies\"><\/a><\/p>\n<p><a name=\"hobbies\"><\/a><a name=\"hobbies\"><\/a><\/p>\n<p><a name=\"hobbies\"><\/a><\/p>\n<div id=\"lienTop\"><a href=\"#top\"><img decoding=\"async\" src=\"https:\/\/www.bergeret.org\/blog\/top.gif\" alt=\"\" border=\"0\" \/> Sommet<\/a><\/div>\n<div id=\"hobby\">Aikido<\/div>\n<div id=\"hobby\">Chant<\/div>\n<div id=\"hobby\">Astronomie<\/div>\n<div id=\"hobby\">Cuisine<\/div>\n<div id=\"hobby\">Musique<\/div>\n<\/div>\n<p>&nbsp;<\/p>\n<\/div>\n<p>&nbsp;<\/p>\n<\/div>\n","protected":false},"excerpt":{"rendered":"<p>Objectifs | Exp\u00e9rience | Formation | Langues | Centres d&rsquo;int\u00e9r\u00eat Fabien BERGERET 47 ans Nationalit\u00e9 fran\u00e7aise &nbsp; Ing\u00e9nieur Sup\u00e9lec Architecte S\u00e9nior &nbsp; Objectifs Sommet Encadrer une \u00e9quipe sur le cycle de vie complet d&rsquo;un projet, Lui faire b\u00e9n\u00e9ficier de mes connaissances techniques par le biais de formations\/pr\u00e9sentations, Mettre en place des architectures logicielles et techniques [&hellip;]<\/p>\n","protected":false},"author":1,"featured_media":0,"parent":0,"menu_order":0,"comment_status":"open","ping_status":"open","template":"","meta":[],"_links":{"self":[{"href":"https:\/\/www.bergeret.org\/blog\/wp-json\/wp\/v2\/pages\/11"}],"collection":[{"href":"https:\/\/www.bergeret.org\/blog\/wp-json\/wp\/v2\/pages"}],"about":[{"href":"https:\/\/www.bergeret.org\/blog\/wp-json\/wp\/v2\/types\/page"}],"author":[{"embeddable":true,"href":"https:\/\/www.bergeret.org\/blog\/wp-json\/wp\/v2\/users\/1"}],"replies":[{"embeddable":true,"href":"https:\/\/www.bergeret.org\/blog\/wp-json\/wp\/v2\/comments?post=11"}],"version-history":[{"count":18,"href":"https:\/\/www.bergeret.org\/blog\/wp-json\/wp\/v2\/pages\/11\/revisions"}],"predecessor-version":[{"id":349,"href":"https:\/\/www.bergeret.org\/blog\/wp-json\/wp\/v2\/pages\/11\/revisions\/349"}],"wp:attachment":[{"href":"https:\/\/www.bergeret.org\/blog\/wp-json\/wp\/v2\/media?parent=11"}],"curies":[{"name":"wp","href":"https:\/\/api.w.org\/{rel}","templated":true}]}}